{"id":91,"date":"2015-01-05T11:14:01","date_gmt":"2015-01-05T09:14:01","guid":{"rendered":"https:\/\/seelights.com\/?page_id=91"},"modified":"2021-04-23T17:47:51","modified_gmt":"2021-04-23T15:47:51","slug":"hometest","status":"publish","type":"page","link":"https:\/\/seelights.com\/","title":{"rendered":""},"content":{"rendered":"<div id=\"pl-91\"  class=\"panel-layout\" ><div id=\"pg-91-0\"  class=\"panel-grid panel-no-style\" ><div id=\"pgc-91-0-0\"  class=\"panel-grid-cell\" ><div id=\"panel-91-0-0-0\" class=\"so-panel widget widget_text panel-first-child panel-last-child\" data-index=\"0\" ><div class=\"panel-widget-style panel-widget-style-for-91-0-0-0\" ><h3 class=\"widget-title\">Benjamin Seelig<\/h3>\t\t\t<div class=\"textwidget\"><p>Ich bin seit 2006 diplomierter Gamedesigner und arbeite seit 2010 freiberuflich als 2D & 3D Grafiker und Motiondesigner.<\/p>\n<p>Bevorzugt nutze ich die Programme 3D Max, Flash, After Effects, Premiere, Photoshop, Blender 3D und Dreamweaver.<\/p>\n<p>In meiner Arbeitsweise bin ich sehr flexibel und biete daher ein umfassendes Designangebot.<\/p>\n<p>Ich bin stets auf der Suche nach interessanten Projekten.<\/p>\n<\/div>\n\t\t<\/div><\/div><\/div><div id=\"pgc-91-0-1\"  class=\"panel-grid-cell\" ><div id=\"panel-91-0-1-0\" class=\"so-panel widget widget_sow-editor panel-first-child panel-last-child\" data-index=\"1\" ><div class=\"panel-widget-style panel-widget-style-for-91-0-1-0\" ><div class=\"so-widget-sow-editor so-widget-sow-editor-base\">\n<div class=\"siteorigin-widget-tinymce textwidget\">\n\t<p><img loading=\"lazy\" class=\"alignnone wp-image-366 size-full\" src=\"https:\/\/seelights.com\/wp-content\/uploads\/2015\/01\/seelightslogoBLK01.png\" alt=\"\" width=\"227\" height=\"265\" \/><\/p>\n<\/div>\n<\/div><\/div><\/div><\/div><\/div><div id=\"pg-91-1\"  class=\"panel-grid panel-no-style\" ><div id=\"pgc-91-1-0\"  class=\"panel-grid-cell\" ><div id=\"panel-91-1-0-0\" class=\"so-panel widget widget_text panel-first-child panel-last-child\" data-index=\"2\" ><div class=\"panel-widget-style panel-widget-style-for-91-1-0-0\" >\t\t\t<div class=\"textwidget\"><p>* 3D Animation und Visualisierung<\/p>\n<p>* Entwicklung von Charakteren in 2D und 3D<\/p>\n<p>* Grafiken f\u00fcr Computerspiele in 2D und 3D<\/p>\n<p>* Grafiken f\u00fcr den Web und Druckbereich<\/p>\n<p>* Opensource Workshops 3D<\/p>\n<p>* Opensource Workshops 2D<\/p>\n<p>* Graffiti Workshops<\/p>\n<\/div>\n\t\t<\/div><\/div><\/div><div id=\"pgc-91-1-1\"  class=\"panel-grid-cell panel-grid-cell-mobile-last\" ><div id=\"panel-91-1-1-0\" class=\"so-panel widget widget_sow-editor panel-first-child panel-last-child\" data-index=\"3\" ><div class=\"panel-widget-style panel-widget-style-for-91-1-1-0\" ><div class=\"so-widget-sow-editor so-widget-sow-editor-base\">\n<div class=\"siteorigin-widget-tinymce textwidget\">\n\t<p><iframe title=\"showreel2016\" width=\"474\" height=\"267\" src=\"https:\/\/www.youtube.com\/embed\/s4y5ZyOEQd0?feature=oembed\" frameborder=\"0\" allow=\"accelerometer; autoplay; clipboard-write; encrypted-media; gyroscope; picture-in-picture\" allowfullscreen><\/iframe><\/p>\n<p>&nbsp;<\/p>\n<\/div>\n<\/div><\/div><\/div><\/div><div id=\"pgc-91-1-2\"  class=\"panel-grid-cell panel-grid-cell-empty\" ><\/div><\/div><div id=\"pg-91-2\"  class=\"panel-grid panel-no-style\" ><div id=\"pgc-91-2-0\"  class=\"panel-grid-cell\" ><div id=\"panel-91-2-0-0\" class=\"so-panel widget widget_sow-editor panel-first-child panel-last-child\" data-index=\"4\" ><div class=\"panel-widget-style panel-widget-style-for-91-2-0-0\" ><div class=\"so-widget-sow-editor so-widget-sow-editor-base\">\n<div class=\"siteorigin-widget-tinymce textwidget\">\n\t<style type=\"text\/css\"><!--\n@page { margin: 2cm } P { margin-bottom: 0.21cm } H1 { margin-bottom: 0.21cm } H1.western { font-family: \"Times New Roman\", serif } H1.cjk { font-family: \"SimSun\" } H1.ctl { font-family: \"Tahoma\" } A:link { so-language: zxx }\n--><\/style>\n<style type=\"text\/css\"><!--\n@page { margin: 2cm } P { margin-bottom: 0.21cm }\n--><\/style>\n<p><span style=\"font-family: Verdana,sans-serif;\"><span style=\"font-size: small;\"><b>Workshops von Benjamin Seelig <\/b><\/span><\/span><\/p>\n<p><span style=\"font-family: Verdana,sans-serif;\"><span style=\"font-size: small;\"><i>Level- Design, Charakter- Design, 3D- Graffiti, 3D- Animation, Gif- Animation, Grundlagen der Bildbearbeitung und Computercollagen in 2D.<\/i><\/span><\/span><\/p>\n<p><span style=\"font-family: Verdana,sans-serif;\"><span style=\"font-size: small;\">Die Kurse richten sich an interessierte Teilnehmer*innen ab 12 bis 99 Jahre. In Zeitrahmen und Komplexit\u00e4t sind alle Kurse variabel und somit f\u00fcr jede Zielgruppe geeignet. <\/span><\/span><\/p>\n<p><span style=\"font-family: Verdana,sans-serif;\"><span style=\"font-size: small;\">Voraussetzung f\u00fcr die Teilnahme an einem fortlaufenden Kurs ist ein Computer.<\/span><\/span><span style=\"font-family: Verdana,sans-serif;\"><span style=\"font-size: small;\"> F\u00fcr Workshops mit <\/span><\/span><span style=\"font-family: Verdana,sans-serif;\"><span style=\"font-size: small;\"><i>Blender 3D<\/i><\/span><\/span><span style=\"font-family: Verdana,sans-serif;\"><span style=\"font-size: small;\"> sollte das Betriebssystem Windows, Linux oder<\/span><\/span><\/p>\n<p><span style=\"font-family: Verdana,sans-serif;\"><span style=\"font-size: small;\">Mac OS sein. Kurse mit dem Schwerpunkt Ideenentwicklung sind auch ohne eigenen Computer m\u00f6glich. <\/span><\/span><\/p>\n<p><strong><span style=\"font-family: Verdana,sans-serif;\"><span style=\"font-size: small;\">Folgende F\u00e4higkeiten werden durch die Workshops besonders gef\u00f6rdert.<\/span><\/span><\/strong><\/p>\n<p><strong><span style=\"font-family: Verdana,sans-serif;\"><span style=\"font-size: small;\"><i><b>Kreativit\u00e4t<\/b><\/i><\/span><\/span><\/strong><\/p>\n<p><span style=\"font-family: Verdana,sans-serif;\"><span style=\"font-size: small;\">Die individuelle Kreativit\u00e4t spielt eine hervorgehobene Rolle. Mit Hilfe von Kreativit\u00e4t entwickeln wir eigene L\u00f6sungsstrategien die auch unser Selbstbewusstsein im Alltag st\u00e4rken.<\/span><\/span><\/p>\n<p><strong><span style=\"font-family: Verdana,sans-serif;\"><span style=\"font-size: small;\"><i><b>Handwerk<\/b><\/i><\/span><\/span><\/strong><\/p>\n<p><span style=\"font-family: Verdana,sans-serif;\"><span style=\"font-size: small;\">In den Kursen ist die Entwicklung von Ideen auf dem Papier, in Form von Skizzen und Storyboards ebenso wichtig wie deren Umsetzung mit dem Computer. Die Teilnehmer*innen arbeiten dabei in verschiedenen Schritten und mit Hilfe von sowohl analogen als auch digitalen Werkzeugen.<\/span><\/span><\/p>\n<p><strong><span style=\"font-family: Verdana,sans-serif;\"><span style=\"font-size: small;\"><i><b>R\u00e4umliches Denken<\/b><\/i><\/span><\/span><\/strong><\/p>\n<p><span style=\"font-family: Verdana,sans-serif;\"><span style=\"font-size: small;\">Mit den Computerprogrammen arbeiten die Teilnehmer*innen mit geometrischen Formen und K\u00f6rpern im dreidimensionalen virtuellen Raum. Beim Zusammensetzen der Formen wird das r\u00e4umliche Vorstellungsverm\u00f6gen und Denken ausgebaut, trainiert und praktiziert.<\/span><\/span><\/p>\n<p><strong><span style=\"font-family: Verdana,sans-serif;\"><span style=\"font-size: small;\"><i><b>Zusammenarbeit in der Gruppe<\/b><\/i><\/span><\/span><\/strong><\/p>\n<p><span style=\"font-family: Verdana,sans-serif;\"><span style=\"font-size: small;\">In den Kursen soll die Zusammenarbeit in der Gruppe gest\u00e4rkt werden. An jedem Kurstag wird ein neues Thema in Form einer offenen Unterrichtssituation vorgestellt. Dieses orientiert sich m\u00f6glichst an der aktuellen Interessenlage der Teilnehmer*innen. Innerhalb der Gruppe wird dann dar\u00fcber gesprochen. Die Teilnehmer werden dadurch zum Wissensaustausch angeregt.<\/span><\/span><\/p>\n<p><span style=\"font-family: Verdana,sans-serif;\"><span style=\"font-size: small;\"><b>Was mir Wichtig ist<\/b><\/span><\/span><\/p>\n<p><span style=\"font-family: Verneda;\"><span style=\"font-size: small;\"><span style=\"font-family: Verdana,sans-serif;\">Mir ist es wichtig den <\/span><span style=\"font-family: Verdana,sans-serif;\">Teilnehmer*innen und Einrichtungen einen Zugang und Einstieg zu starken Opensourcen- Programmen zu erm\u00f6glichen. Besonders am Herzen liegt mir dabei die Vermittlung des Open Source- Gedanken. Open Source Programme erm\u00f6glichen es Jedem seine Ideen legal und kostenfrei zu verwirklichen. <\/span><\/span><\/span><\/p>\n<p><span style=\"font-family: Verneda;\"><span style=\"font-size: small;\"><span style=\"font-family: Verdana,sans-serif;\">Dar\u00fcber m\u00f6chte ich Allen die Freude an der kreativen Arbeit mit digitalen Medien vermitteln.<\/span><\/span><\/span><\/p>\n<p><span style=\"font-family: Verdana,sans-serif;\"><span style=\"font-size: small;\"><b>M\u00f6gliche Workshop Inhalte<\/b><\/span><\/span><\/p>\n<p>\u2022 <span style=\"font-family: Verdana,sans-serif;\"><span style=\"font-size: small;\">Wie benutze ich Keyboard und Mouse? (Computer Grundkenntnisse )<\/span><\/span><\/p>\n<p>\u2022 <span style=\"font-family: Verdana,sans-serif;\"><span style=\"font-size: small;\">Wie benutze ich das Internet f\u00fcr Recherchen?<\/span><\/span><\/p>\n<p>\u2022 <span style=\"font-family: Verdana,sans-serif;\"><span style=\"font-size: small;\">Wo gibt es gute, freie und legale Software f\u00fcr den Grafikbereich? <\/span><\/span><\/p>\n<p>\u2022 <span style=\"font-family: Verdana,sans-serif;\"><span style=\"font-size: small;\">Wo finde ich Informationen um Programme zu erlernen?(Foren, Tutorials )<\/span><\/span><\/p>\n<p>\u2022 <span style=\"font-family: Verdana,sans-serif;\"><span style=\"font-size: small;\">Was darf ich ins Netz stellen oder benutzen? (Lizenzen und Rechte )<\/span><\/span><\/p>\n<p>\u2022 <span style=\"font-family: Verdana,sans-serif;\"><span style=\"font-size: small;\">Wie installiere ich neue Software?<\/span><\/span><\/p>\n<p>\u2022 <span style=\"font-family: Verdana,sans-serif;\"><span style=\"font-size: small;\">Wie wende ich Open- Source Programme wie z. Bsp. Blender 3D und Gimp an?<\/span><\/span><\/p>\n<\/div>\n<\/div><\/div><\/div><\/div><div id=\"pgc-91-2-1\"  class=\"panel-grid-cell\" ><div id=\"panel-91-2-1-0\" class=\"so-panel widget widget_sow-editor panel-first-child panel-last-child\" data-index=\"5\" ><div class=\"panel-widget-style panel-widget-style-for-91-2-1-0\" ><div class=\"so-widget-sow-editor so-widget-sow-editor-base\">\n<div class=\"siteorigin-widget-tinymce textwidget\">\n\t<p><strong>Information zu meinen Kursen zum Ausdrucken<\/strong><\/p>\n<p>\u00a0<\/p>\n<p><a href=\"https:\/\/seelights.com\/wp-content\/uploads\/2017\/06\/Leveldesign.pdf\" target=\"_blank\">Workshop- Leveldesign.pdf<\/a><\/p>\n<p><a href=\"https:\/\/seelights.com\/wp-content\/uploads\/2017\/06\/WorkshopCharakterdesign.pdf\" target=\"_blank\">Workshop- Charakterdesign.pdf<\/a><\/p>\n<p><a href=\"https:\/\/seelights.com\/wp-content\/uploads\/2017\/06\/3dGraffiti.pdf\" target=\"_blank\">Workshop- 3D- Graffiti.pdf<\/a><\/p>\n<p><a href=\"https:\/\/seelights.com\/wp-content\/uploads\/2017\/06\/Graffiti.pdf\" target=\"_blank\">Workshop- Stencil und Graffiti.pdf<\/a><\/p>\n<\/div>\n<\/div><\/div><\/div><\/div><\/div><\/div>","protected":false},"excerpt":{"rendered":"<p>Ich bin seit 2006 diplomierter Gamedesigner und arbeite seit 2010 freiberuflich als 2D &#038; 3D Grafiker und Motiondesigner. Bevorzugt nutze ich die Programme 3D Max, Flash, After Effects, Premiere, Photoshop, Blender 3D und Dreamweaver. In meiner Arbeitsweise bin ich sehr flexibel und biete daher ein umfassendes Designangebot. Ich bin stets auf der Suche nach interessanten [&hellip;]<\/p>\n","protected":false},"author":1,"featured_media":0,"parent":0,"menu_order":0,"comment_status":"closed","ping_status":"closed","template":"page-templates\/full-width.php","meta":[],"yoast_head":"<!-- This site is optimized with the Yoast SEO plugin v18.8 - https:\/\/yoast.com\/wordpress\/plugins\/seo\/ -->\n<title>- Benjamin Seelig<\/title>\n<meta name=\"robots\" content=\"index, follow, max-snippet:-1, max-image-preview:large, max-video-preview:-1\" \/>\n<link rel=\"canonical\" href=\"https:\/\/seelights.com\/\" \/>\n<meta property=\"og:locale\" content=\"de_DE\" \/>\n<meta property=\"og:type\" content=\"article\" \/>\n<meta property=\"og:title\" content=\"- Benjamin Seelig\" \/>\n<meta property=\"og:description\" content=\"Ich bin seit 2006 diplomierter Gamedesigner und arbeite seit 2010 freiberuflich als 2D &amp; 3D Grafiker und Motiondesigner. Bevorzugt nutze ich die Programme 3D Max, Flash, After Effects, Premiere, Photoshop, Blender 3D und Dreamweaver. In meiner Arbeitsweise bin ich sehr flexibel und biete daher ein umfassendes Designangebot. Ich bin stets auf der Suche nach interessanten [&hellip;]\" \/>\n<meta property=\"og:url\" content=\"https:\/\/seelights.com\/\" \/>\n<meta property=\"og:site_name\" content=\"Benjamin Seelig\" \/>\n<meta property=\"article:modified_time\" content=\"2021-04-23T15:47:51+00:00\" \/>\n<meta property=\"og:image\" content=\"https:\/\/seelights.com\/wp-content\/uploads\/2015\/01\/seelightslogoBLK01.png\" \/>\n<meta name=\"twitter:card\" content=\"summary_large_image\" \/>\n<meta name=\"twitter:label1\" content=\"Gesch\u00e4tzte Lesezeit\" \/>\n\t<meta name=\"twitter:data1\" content=\"3\u00a0Minuten\" \/>\n<script type=\"application\/ld+json\" class=\"yoast-schema-graph\">{\"@context\":\"https:\/\/schema.org\",\"@graph\":[{\"@type\":[\"Person\",\"Organization\"],\"@id\":\"https:\/\/seelights.com\/#\/schema\/person\/1f831087a74fcbeb6a0211f8586d1b41\",\"name\":\"BenjaminSeelig\",\"image\":{\"@type\":\"ImageObject\",\"inLanguage\":\"de\",\"@id\":\"https:\/\/seelights.com\/#\/schema\/person\/image\/\",\"url\":\"https:\/\/seelights.com\/wp-content\/uploads\/2015\/01\/seelightslogoBLK01.png\",\"contentUrl\":\"https:\/\/seelights.com\/wp-content\/uploads\/2015\/01\/seelightslogoBLK01.png\",\"width\":227,\"height\":265,\"caption\":\"BenjaminSeelig\"},\"logo\":{\"@id\":\"https:\/\/seelights.com\/#\/schema\/person\/image\/\"}},{\"@type\":\"WebSite\",\"@id\":\"https:\/\/seelights.com\/#website\",\"url\":\"https:\/\/seelights.com\/\",\"name\":\"Benjamin Seelig\",\"description\":\"\",\"publisher\":{\"@id\":\"https:\/\/seelights.com\/#\/schema\/person\/1f831087a74fcbeb6a0211f8586d1b41\"},\"potentialAction\":[{\"@type\":\"SearchAction\",\"target\":{\"@type\":\"EntryPoint\",\"urlTemplate\":\"https:\/\/seelights.com\/?s={search_term_string}\"},\"query-input\":\"required name=search_term_string\"}],\"inLanguage\":\"de\"},{\"@type\":\"ImageObject\",\"inLanguage\":\"de\",\"@id\":\"https:\/\/seelights.com\/#primaryimage\",\"url\":\"https:\/\/seelights.com\/wp-content\/uploads\/2015\/01\/seelightslogoBLK01.png\",\"contentUrl\":\"https:\/\/seelights.com\/wp-content\/uploads\/2015\/01\/seelightslogoBLK01.png\",\"width\":227,\"height\":265},{\"@type\":\"WebPage\",\"@id\":\"https:\/\/seelights.com\/#webpage\",\"url\":\"https:\/\/seelights.com\/\",\"name\":\"- Benjamin Seelig\",\"isPartOf\":{\"@id\":\"https:\/\/seelights.com\/#website\"},\"primaryImageOfPage\":{\"@id\":\"https:\/\/seelights.com\/#primaryimage\"},\"datePublished\":\"2015-01-05T09:14:01+00:00\",\"dateModified\":\"2021-04-23T15:47:51+00:00\",\"breadcrumb\":{\"@id\":\"https:\/\/seelights.com\/#breadcrumb\"},\"inLanguage\":\"de\",\"potentialAction\":[{\"@type\":\"ReadAction\",\"target\":[\"https:\/\/seelights.com\/\"]}]},{\"@type\":\"BreadcrumbList\",\"@id\":\"https:\/\/seelights.com\/#breadcrumb\",\"itemListElement\":[{\"@type\":\"ListItem\",\"position\":1,\"name\":\"Startseite\",\"item\":\"https:\/\/seelights.com\/\"},{\"@type\":\"ListItem\",\"position\":2,\"name\":\"\"}]}]}<\/script>\n<!-- \/ Yoast SEO plugin. -->","yoast_head_json":{"title":"- Benjamin Seelig","robots":{"index":"index","follow":"follow","max-snippet":"max-snippet:-1","max-image-preview":"max-image-preview:large","max-video-preview":"max-video-preview:-1"},"canonical":"https:\/\/seelights.com\/","og_locale":"de_DE","og_type":"article","og_title":"- Benjamin Seelig","og_description":"Ich bin seit 2006 diplomierter Gamedesigner und arbeite seit 2010 freiberuflich als 2D & 3D Grafiker und Motiondesigner. Bevorzugt nutze ich die Programme 3D Max, Flash, After Effects, Premiere, Photoshop, Blender 3D und Dreamweaver. In meiner Arbeitsweise bin ich sehr flexibel und biete daher ein umfassendes Designangebot. Ich bin stets auf der Suche nach interessanten [&hellip;]","og_url":"https:\/\/seelights.com\/","og_site_name":"Benjamin Seelig","article_modified_time":"2021-04-23T15:47:51+00:00","og_image":[{"url":"https:\/\/seelights.com\/wp-content\/uploads\/2015\/01\/seelightslogoBLK01.png"}],"twitter_card":"summary_large_image","twitter_misc":{"Gesch\u00e4tzte Lesezeit":"3\u00a0Minuten"},"schema":{"@context":"https:\/\/schema.org","@graph":[{"@type":["Person","Organization"],"@id":"https:\/\/seelights.com\/#\/schema\/person\/1f831087a74fcbeb6a0211f8586d1b41","name":"BenjaminSeelig","image":{"@type":"ImageObject","inLanguage":"de","@id":"https:\/\/seelights.com\/#\/schema\/person\/image\/","url":"https:\/\/seelights.com\/wp-content\/uploads\/2015\/01\/seelightslogoBLK01.png","contentUrl":"https:\/\/seelights.com\/wp-content\/uploads\/2015\/01\/seelightslogoBLK01.png","width":227,"height":265,"caption":"BenjaminSeelig"},"logo":{"@id":"https:\/\/seelights.com\/#\/schema\/person\/image\/"}},{"@type":"WebSite","@id":"https:\/\/seelights.com\/#website","url":"https:\/\/seelights.com\/","name":"Benjamin Seelig","description":"","publisher":{"@id":"https:\/\/seelights.com\/#\/schema\/person\/1f831087a74fcbeb6a0211f8586d1b41"},"potentialAction":[{"@type":"SearchAction","target":{"@type":"EntryPoint","urlTemplate":"https:\/\/seelights.com\/?s={search_term_string}"},"query-input":"required name=search_term_string"}],"inLanguage":"de"},{"@type":"ImageObject","inLanguage":"de","@id":"https:\/\/seelights.com\/#primaryimage","url":"https:\/\/seelights.com\/wp-content\/uploads\/2015\/01\/seelightslogoBLK01.png","contentUrl":"https:\/\/seelights.com\/wp-content\/uploads\/2015\/01\/seelightslogoBLK01.png","width":227,"height":265},{"@type":"WebPage","@id":"https:\/\/seelights.com\/#webpage","url":"https:\/\/seelights.com\/","name":"- Benjamin Seelig","isPartOf":{"@id":"https:\/\/seelights.com\/#website"},"primaryImageOfPage":{"@id":"https:\/\/seelights.com\/#primaryimage"},"datePublished":"2015-01-05T09:14:01+00:00","dateModified":"2021-04-23T15:47:51+00:00","breadcrumb":{"@id":"https:\/\/seelights.com\/#breadcrumb"},"inLanguage":"de","potentialAction":[{"@type":"ReadAction","target":["https:\/\/seelights.com\/"]}]},{"@type":"BreadcrumbList","@id":"https:\/\/seelights.com\/#breadcrumb","itemListElement":[{"@type":"ListItem","position":1,"name":"Startseite","item":"https:\/\/seelights.com\/"},{"@type":"ListItem","position":2,"name":""}]}]}},"_links":{"self":[{"href":"https:\/\/seelights.com\/index.php?rest_route=\/wp\/v2\/pages\/91"}],"collection":[{"href":"https:\/\/seelights.com\/index.php?rest_route=\/wp\/v2\/pages"}],"about":[{"href":"https:\/\/seelights.com\/index.php?rest_route=\/wp\/v2\/types\/page"}],"author":[{"embeddable":true,"href":"https:\/\/seelights.com\/index.php?rest_route=\/wp\/v2\/users\/1"}],"replies":[{"embeddable":true,"href":"https:\/\/seelights.com\/index.php?rest_route=%2Fwp%2Fv2%2Fcomments&post=91"}],"version-history":[{"count":200,"href":"https:\/\/seelights.com\/index.php?rest_route=\/wp\/v2\/pages\/91\/revisions"}],"predecessor-version":[{"id":548,"href":"https:\/\/seelights.com\/index.php?rest_route=\/wp\/v2\/pages\/91\/revisions\/548"}],"wp:attachment":[{"href":"https:\/\/seelights.com\/index.php?rest_route=%2Fwp%2Fv2%2Fmedia&parent=91"}],"curies":[{"name":"wp","href":"https:\/\/api.w.org\/{rel}","templated":true}]}}